{"id":1085,"date":"2023-01-31T21:23:39","date_gmt":"2023-01-31T20:23:39","guid":{"rendered":"http:\/\/wordpress.p634817.webspaceconfig.de\/?page_id=1085"},"modified":"2023-02-03T17:23:44","modified_gmt":"2023-02-03T16:23:44","slug":"impressum","status":"publish","type":"page","link":"https:\/\/homann-solarbau.de\/?page_id=1085","title":{"rendered":"Impressum"},"content":{"rendered":"\r\n<h2 class=\"wp-block-heading\">Impressum\u00a0<\/h2>\r\n<h2>\r\n\r\n<\/h2>\r\n<p><strong>Verantwortlich f\u00fcr den Inhalt dieser Seite<br \/><\/strong>H. S. GmbH &amp; Co. KG\u00a0<br \/>Philipp-Reis-Stra\u00dfe 7<br \/>49779 Niederlangen<br \/><br \/>Finanzamt Papenburg &#8211; Steuernr:\u00a053\/204\/52221<br \/>USt-ID: DE340134101\u00a0<br \/>H. S. GmbH &amp; Co.KG<br \/>Sitz Niederlangen\u00a0<br \/>Registergericht HRA\u00a0Osnabr\u00fcck 207384<br \/>Gesch\u00e4ftsf\u00fchrer: Leo Homann<br \/>Komplement\u00e4r: Homann Verwaltungs GmbH<br \/><br \/><strong>Kontakt<br \/><\/strong>E-Mailadresse:\u00a0<a href=\"mailto:info@homann-solarbau.de\">info@homann-solarbau.de<\/a><br \/>Tel.: 0049 (0)5939 9413908<\/p>\r\n<p>&nbsp;<\/p>\r\n<p><strong>Design der Website\u00a0<br \/><\/strong>Rocket Up GmbH, Poststra\u00dfe 20, 49835 Wietmarschen<\/p>\r\n","protected":false},"excerpt":{"rendered":"<p>Impressum\u00a0 Verantwortlich f\u00fcr den Inhalt dieser SeiteH. S. GmbH &amp; Co. KG\u00a0Philipp-Reis-Stra\u00dfe 749779 Niederlangen Finanzamt Papenburg &#8211; Steuernr:\u00a053\/204\/52221USt-ID: DE340134101\u00a0H. S. GmbH &amp; Co.KGSitz Niederlangen\u00a0Registergericht HRA\u00a0Osnabr\u00fcck 207384Gesch\u00e4ftsf\u00fchrer: Leo HomannKomplement\u00e4r: Homann Verwaltungs GmbH KontaktE-Mailadresse:\u00a0info@homann-solarbau.deTel.: 0049 (0)5939 9413908 &nbsp; Design der Website\u00a0Rocket Up GmbH, Poststra\u00dfe 20, 49835 Wietmarschen<\/p>\n","protected":false},"author":2,"featured_media":0,"parent":0,"menu_order":0,"comment_status":"closed","ping_status":"open","template":"","meta":{"footnotes":""},"class_list":["post-1085","page","type-page","status-publish","hentry"],"yoast_head":"<!-- This site is optimized with the Yoast SEO plugin v20.0 - https:\/\/yoast.com\/wordpress\/plugins\/seo\/ -->\n<title>Impressum - Homann Solarbau - PV Anlagen &amp; Montage<\/title>\n<meta name=\"robots\" content=\"index, follow, max-snippet:-1, max-image-preview:large, max-video-preview:-1\" \/>\n<link rel=\"canonical\" href=\"https:\/\/homann-solarbau.de\/?page_id=1085\" \/>\n<meta property=\"og:locale\" content=\"de_DE\" \/>\n<meta property=\"og:type\" content=\"article\" \/>\n<meta property=\"og:title\" content=\"Impressum - Homann Solarbau - PV Anlagen &amp; Montage\" \/>\n<meta property=\"og:description\" content=\"Impressum\u00a0 Verantwortlich f\u00fcr den Inhalt dieser SeiteH. S. GmbH &amp; Co. KG\u00a0Philipp-Reis-Stra\u00dfe 749779 Niederlangen Finanzamt Papenburg &#8211; Steuernr:\u00a053\/204\/52221USt-ID: DE340134101\u00a0H. S. GmbH &amp; Co.KGSitz Niederlangen\u00a0Registergericht HRA\u00a0Osnabr\u00fcck 207384Gesch\u00e4ftsf\u00fchrer: Leo HomannKomplement\u00e4r: Homann Verwaltungs GmbH KontaktE-Mailadresse:\u00a0info@homann-solarbau.deTel.: 0049 (0)5939 9413908 &nbsp; Design der Website\u00a0Rocket Up GmbH, Poststra\u00dfe 20, 49835 Wietmarschen\" \/>\n<meta property=\"og:url\" content=\"https:\/\/homann-solarbau.de\/?page_id=1085\" \/>\n<meta property=\"og:site_name\" content=\"Homann Solarbau - PV Anlagen &amp; Montage\" \/>\n<meta property=\"article:modified_time\" content=\"2023-02-03T16:23:44+00:00\" \/>\n<meta name=\"twitter:card\" content=\"summary_large_image\" \/>\n<script type=\"application\/ld+json\" class=\"yoast-schema-graph\">{\"@context\":\"https:\/\/schema.org\",\"@graph\":[{\"@type\":\"WebPage\",\"@id\":\"https:\/\/homann-solarbau.de\/?page_id=1085\",\"url\":\"https:\/\/homann-solarbau.de\/?page_id=1085\",\"name\":\"Impressum - Homann Solarbau - PV Anlagen &amp; Montage\",\"isPartOf\":{\"@id\":\"https:\/\/homann-solarbau.de\/#website\"},\"datePublished\":\"2023-01-31T20:23:39+00:00\",\"dateModified\":\"2023-02-03T16:23:44+00:00\",\"breadcrumb\":{\"@id\":\"https:\/\/homann-solarbau.de\/?page_id=1085#breadcrumb\"},\"inLanguage\":\"de\",\"potentialAction\":[{\"@type\":\"ReadAction\",\"target\":[\"https:\/\/homann-solarbau.de\/?page_id=1085\"]}]},{\"@type\":\"BreadcrumbList\",\"@id\":\"https:\/\/homann-solarbau.de\/?page_id=1085#breadcrumb\",\"itemListElement\":[{\"@type\":\"ListItem\",\"position\":1,\"name\":\"Startseite\",\"item\":\"https:\/\/homann-solarbau.de\/\"},{\"@type\":\"ListItem\",\"position\":2,\"name\":\"Impressum\"}]},{\"@type\":\"WebSite\",\"@id\":\"https:\/\/homann-solarbau.de\/#website\",\"url\":\"https:\/\/homann-solarbau.de\/\",\"name\":\"Homann Solarbau - PV Anlagen &amp; Montage\",\"description\":\"Meisterbetrieb f\u00fcr Photovoltaik Solaranlagen\",\"potentialAction\":[{\"@type\":\"SearchAction\",\"target\":{\"@type\":\"EntryPoint\",\"urlTemplate\":\"https:\/\/homann-solarbau.de\/?s={search_term_string}\"},\"query-input\":\"required name=search_term_string\"}],\"inLanguage\":\"de\"}]}<\/script>\n<!-- \/ Yoast SEO plugin. -->","yoast_head_json":{"title":"Impressum - Homann Solarbau - PV Anlagen &amp; Montage","robots":{"index":"index","follow":"follow","max-snippet":"max-snippet:-1","max-image-preview":"max-image-preview:large","max-video-preview":"max-video-preview:-1"},"canonical":"https:\/\/homann-solarbau.de\/?page_id=1085","og_locale":"de_DE","og_type":"article","og_title":"Impressum - Homann Solarbau - PV Anlagen &amp; Montage","og_description":"Impressum\u00a0 Verantwortlich f\u00fcr den Inhalt dieser SeiteH. S. GmbH &amp; Co. KG\u00a0Philipp-Reis-Stra\u00dfe 749779 Niederlangen Finanzamt Papenburg &#8211; Steuernr:\u00a053\/204\/52221USt-ID: DE340134101\u00a0H. S. GmbH &amp; Co.KGSitz Niederlangen\u00a0Registergericht HRA\u00a0Osnabr\u00fcck 207384Gesch\u00e4ftsf\u00fchrer: Leo HomannKomplement\u00e4r: Homann Verwaltungs GmbH KontaktE-Mailadresse:\u00a0info@homann-solarbau.deTel.: 0049 (0)5939 9413908 &nbsp; Design der Website\u00a0Rocket Up GmbH, Poststra\u00dfe 20, 49835 Wietmarschen","og_url":"https:\/\/homann-solarbau.de\/?page_id=1085","og_site_name":"Homann Solarbau - PV Anlagen &amp; Montage","article_modified_time":"2023-02-03T16:23:44+00:00","twitter_card":"summary_large_image","schema":{"@context":"https:\/\/schema.org","@graph":[{"@type":"WebPage","@id":"https:\/\/homann-solarbau.de\/?page_id=1085","url":"https:\/\/homann-solarbau.de\/?page_id=1085","name":"Impressum - Homann Solarbau - PV Anlagen &amp; Montage","isPartOf":{"@id":"https:\/\/homann-solarbau.de\/#website"},"datePublished":"2023-01-31T20:23:39+00:00","dateModified":"2023-02-03T16:23:44+00:00","breadcrumb":{"@id":"https:\/\/homann-solarbau.de\/?page_id=1085#breadcrumb"},"inLanguage":"de","potentialAction":[{"@type":"ReadAction","target":["https:\/\/homann-solarbau.de\/?page_id=1085"]}]},{"@type":"BreadcrumbList","@id":"https:\/\/homann-solarbau.de\/?page_id=1085#breadcrumb","itemListElement":[{"@type":"ListItem","position":1,"name":"Startseite","item":"https:\/\/homann-solarbau.de\/"},{"@type":"ListItem","position":2,"name":"Impressum"}]},{"@type":"WebSite","@id":"https:\/\/homann-solarbau.de\/#website","url":"https:\/\/homann-solarbau.de\/","name":"Homann Solarbau - PV Anlagen &amp; Montage","description":"Meisterbetrieb f\u00fcr Photovoltaik Solaranlagen","potentialAction":[{"@type":"SearchAction","target":{"@type":"EntryPoint","urlTemplate":"https:\/\/homann-solarbau.de\/?s={search_term_string}"},"query-input":"required name=search_term_string"}],"inLanguage":"de"}]}},"_links":{"self":[{"href":"https:\/\/homann-solarbau.de\/index.php?rest_route=\/wp\/v2\/pages\/1085","targetHints":{"allow":["GET"]}}],"collection":[{"href":"https:\/\/homann-solarbau.de\/index.php?rest_route=\/wp\/v2\/pages"}],"about":[{"href":"https:\/\/homann-solarbau.de\/index.php?rest_route=\/wp\/v2\/types\/page"}],"author":[{"embeddable":true,"href":"https:\/\/homann-solarbau.de\/index.php?rest_route=\/wp\/v2\/users\/2"}],"replies":[{"embeddable":true,"href":"https:\/\/homann-solarbau.de\/index.php?rest_route=%2Fwp%2Fv2%2Fcomments&post=1085"}],"version-history":[{"count":6,"href":"https:\/\/homann-solarbau.de\/index.php?rest_route=\/wp\/v2\/pages\/1085\/revisions"}],"predecessor-version":[{"id":1128,"href":"https:\/\/homann-solarbau.de\/index.php?rest_route=\/wp\/v2\/pages\/1085\/revisions\/1128"}],"wp:attachment":[{"href":"https:\/\/homann-solarbau.de\/index.php?rest_route=%2Fwp%2Fv2%2Fmedia&parent=1085"}],"curies":[{"name":"wp","href":"https:\/\/api.w.org\/{rel}","templated":true}]}}