{"id":1079,"date":"2023-01-31T21:20:03","date_gmt":"2023-01-31T20:20:03","guid":{"rendered":"http:\/\/wordpress.p634817.webspaceconfig.de\/?page_id=1079"},"modified":"2023-01-31T21:22:28","modified_gmt":"2023-01-31T20:22:28","slug":"datenschutzerklaerung-2","status":"publish","type":"page","link":"https:\/\/homann-solarbau.de\/?page_id=1079","title":{"rendered":"AGB"},"content":{"rendered":"\r\n<h2 class=\"wp-block-heading\">Allgemeine Gesch\u00e4ftsbedingungen (AGB)\u00a0<\/h2>\r\n<h2>\r\n\r\n<\/h2>\r\n<p>G\u00fcltig ab 01.01.2022<\/p>\r\n<p>&nbsp;<\/p>\r\n<ul>\r\n<li><strong>1 Geltung der Bedingung<\/strong><\/li>\r\n<\/ul>\r\n<p>Die Lieferungen, Leistungen und Angebote des Verk\u00e4ufers erfolgen ausschlie\u00dflich aufgrund dieser Gesch\u00e4ftsbedingungen. Sie werden mit Vertragsabschluss, sp\u00e4testens jedoch mit der Entgegennahme der Ware oder Leistung, als verbindlich anerkannt. Etwaige widersprechende Gesch\u00e4ftsbedingungen des K\u00e4ufers gelten als ausdr\u00fccklich ausgeschlossen. Nebenabreden, \u00c4nderungen oder Erg\u00e4nzungen des Vertrages sind nur wirksam, wenn sie schriftlich best\u00e4tigt wurden. Gegenbest\u00e4tigungen des K\u00e4ufers unter Hinweis aus seine Gesch\u00e4fts-bzw. Einkaufsbedingungen werden hiermit widersprochen.<\/p>\r\n<p>&nbsp;<\/p>\r\n<ul>\r\n<li><strong>2 Vertragsabschluss<\/strong><\/li>\r\n<\/ul>\r\n<p>In Prospekten, Anzeigen usw. enthaltene Angebote sind- auch bez\u00fcglich der Preisangaben- freibleibend und unverbindlich. Die bei Vertragsabschluss festgelegten Bezeichnungen und Spezifikationen stellen den technischen Stand zu diesem Zeitpunkt dar. Konstruktions\u00e4nderungen f\u00fcr Lieferungen im Rahmen dieses Vertrages beh\u00e4lt der Verk\u00e4ufer sich ausdr\u00fccklich vor, sofern diese \u00c4nderungen nicht grundlegender Art sind und der vertragsgem\u00e4\u00dfe Zweck nicht erheblich eingeschr\u00e4nkt wird. Kaufvertr\u00e4ge bis zu einem Wert von 2000\u20ac kommen durch Bestellung des Kunden zustande, sofern die Homann Unternehmensgruppe nicht unverz\u00fcglich widerspricht. Bei dr\u00fcber hinausgehenden Bestellwerten ist zum Vertragsschluss eine Auftragsbest\u00e4tigung durch die Homann Unternehmensgruppe erforderlich.<\/p>\r\n<p>&nbsp;<\/p>\r\n<ul>\r\n<li><strong>3 Preise &amp; Zahlungsbedingungen<\/strong><\/li>\r\n<\/ul>\r\n<p>F\u00fcr Kaufvertr\u00e4ge gelten die vereinbarten Preise. Alle Preise verstehen sich zuz\u00fcglich gesetzlicher Umsatzsteuer, soweit keine andere Vereinbarung getroffen wurde. Rechnungen sind sofort f\u00e4llig und netto ohne Abzug zahlbar. Eine Zahlung gilt erst dann als erfolgt, wenn die Homann Unternehmensgruppe \u00fcber den Betrag verf\u00fcgen. Im Falle eines Zahlungsverzuges sind wir berechtigt, Verzugszinsen in H\u00f6he von 5% \u00fcber den jeweiligen Basiszinssatz zu berechnen.<\/p>\r\n<p>&nbsp;<\/p>\r\n<ul>\r\n<li><strong>4 Lieferzeiten<\/strong><\/li>\r\n<\/ul>\r\n<p>Genannte Liefertermine sind nicht verbindlich. Ger\u00e4t der Verk\u00e4ufer in Verzug, so kann der K\u00e4ufer nach Ma\u00dfgabe der folgenden Bestimmungen vom Vertrag zur\u00fccktreten oder Schadensersatz wegen Nichterf\u00fcllung verlangen. Die Dauer der vom K\u00e4ufer gesetzlich zu setzender Nachfrist wird auf 2 Wochen festgelegt, die mit Eingang beim Verk\u00e4ufer beginnt. Schadensersatz wegen Nichterf\u00fcllung kann der K\u00e4ufer nur verlangen, wenn der Verk\u00e4ufer den Schaden vors\u00e4tzlich oder grob fahrl\u00e4ssig verursacht hat. Die Lieferfrist verl\u00e4ngert sich ggf. um die Zeit, bis der Verk\u00e4ufer alle Angaben und Unterlagen \u00fcbergeben hat, welche f\u00fcr die Ausf\u00fchrung des Auftrages notwendig sind. Die Lieferfrist verl\u00e4ngert sich bei falscher Addressangabe bzw. der nicht Zustellbarkeit der Ware. Der K\u00e4ufer hat die Kosten bei falscher Adressangabe zu tragen.<\/p>\r\n<p>&nbsp;<\/p>\r\n<ul>\r\n<li><strong>5 Gew\u00e4hrleistung und Haftung<\/strong><\/li>\r\n<\/ul>\r\n<p>Gew\u00e4hrleistung und Garantie Die Gew\u00e4hrleistung f\u00fcr die von uns erbrachten Lieferungen und Leistungen beschr\u00e4nken sich zun\u00e4chst auf das Recht zur Nachbesserung bzw. Ersatzlieferung. Schlagen Nachbesserungen oder Ersatzlieferung fehl, so ist der Kunde zur Herabsetzung der Verg\u00fctung bzw. des Kaufpreises oder zum R\u00fccktritt vom Vertrag berechtigt. Dies ist erst bei dem 2. Fehlversuch m\u00f6glich. Bei Fehlbedienung und unsachgem\u00e4\u00dfem Gebrauch der Ware tr\u00e4gt der Kunde die Kosten der Nachbesserung bzw. der Reparatur. Im \u00dcbrigen richtet sich die Gew\u00e4hrleistung nach den bestehenden gesetzlichen Vorschriften. Die gesetzliche Gew\u00e4hrleistungsfrist betr\u00e4gt 2 Jahre und beginnt mit der Ablieferung des Kaufgegenstands. Daneben bestehen ggf. Garantieanspr\u00fcche gegen den Hersteller des Liefergegenstands, sofern dieser f\u00fcr sein Produkt Garantieversprechen abgibt. Der Umfang richtet sich nach dem Inhalt des vom Hersteller gegebenen Garantieversprechens. Insoweit weisen wir darauf hin, dass die Garantiebestimmungen des Herstellers je nach Land der Auslieferung an den Verbraucher gegen\u00fcber den im Inhalt geltenden Garantiebestimmungen abweichen k\u00f6nnen.<\/p>\r\n<p>&nbsp;<\/p>\r\n<ul>\r\n<li><strong>6 Eigentumsvorbehalt<\/strong><\/li>\r\n<\/ul>\r\n<p>Verkaufte Gegenst\u00e4nde bleiben bis zur vollst\u00e4ndigen Zahlung des Kaufpreises Eigentum des Verk\u00e4ufers. Erst mit Bezahlung des vollst\u00e4ndigen Kaufpreises geht das Eigentum an dem Gegenstand ohne weiteres an den K\u00e4ufer \u00fcber. Der K\u00e4ufer verpflichtet sich, bis zur vollst\u00e4ndigen Bezahlung des Kaufpreises weder durch Verkauf, Verpf\u00e4ndung, Vermietung, Verleihung noch sonst in irgendeiner Art \u00fcber den Gegenstand zu verf\u00fcgen. Er verpflichtet sich zur sofortigen Anzeige, wenn der Gegenstand von dritter Seite gepf\u00e4ndet oder in Anspruch genommen werden sollte. Alle zur Beseitigung von Pf\u00e4ndungen und Einbehaltungen sowie der zur Herbeischaffung des Gegenstandes aufgewendeten gerichtlichen und au\u00dfergerichtlichen Kosten hat er zu erstatten, sofern er die Entstehung dieser Kosten schuldhaft verursacht hat. Der K\u00e4ufer verpflichtet sich, den Gegenstand, solange das Eigentum noch nicht auf ihn \u00fcbergegangen ist, ordnungsgem\u00e4\u00df zu behandeln sowie f\u00fcr entsprechende Reinigung zu sorgen.<\/p>\r\n<p>&nbsp;<\/p>\r\n<ul>\r\n<li><strong>7 Zahlung<\/strong><\/li>\r\n<\/ul>\r\n<p>Rechnungen des Verk\u00e4ufers sind vorbehaltlich einer anderweitigen schriftlichen Vereinbarung sofort ohne Abzug zahlbar. Als Zahlungsweise wird soweit nichts anderes vereinbart wird, Vorkasse, DHL- oder GLS Nachnahme oder Barzahlung bei Abholung vereinbart.<\/p>\r\n<p>&nbsp;<\/p>\r\n<ul>\r\n<li><strong>8 Erf\u00fcllungsort, Gerichtsstand<\/strong><\/li>\r\n<\/ul>\r\n<p>Soweit der K\u00e4ufer Vollkaufmann, juristische Person des \u00f6ffentlichen Rechts oder ein \u00f6ffentlich-rechtliches Sonderverm\u00f6gen ist, wird f\u00fcr etwaige Streitigkeiten aus den Vertr\u00e4gen und damit im Zusammenhang stehenden Rechtsbeziehungen f\u00fcr beide Teile das Gericht, das f\u00fcr den Sitz des Verk\u00e4ufers zust\u00e4ndig ist, als Gerichtsstand vereinbart. Die Homann Unternehmensgruppe ist auch berechtigt, am Sitz des K\u00e4ufers zu klagen. Sollte sich eine der Bestimmungen dieser AGB oder des Liefervertrages als unwirksam erweisen bleiben die \u00fcbrigen Bestimmungen davon unber\u00fchrt und weiterhin wirksam. F\u00fcr alle Lieferungen, auch f\u00fcr grenz\u00fcberschreitende, gilt deutsches Recht als vereinbart, unter Ausschluss des deutschen internationalen Kaufsrechts.<\/p>\r\n<p>&nbsp;<\/p>\r\n<ul>\r\n<li><strong>9 Annahmeverweigerung durch den K\u00e4ufer<\/strong><\/li>\r\n<\/ul>\r\n<p>Verweigert der Kunde die Annahme, und tritt vom Kaufvertrag zur\u00fcck, so hat er die entstandenen Abwicklungskosten zu tragen. Wir schlie\u00dfen das UN Kaufrecht aus, es gilt deutsches Recht.<\/p>\r\n","protected":false},"excerpt":{"rendered":"<p>Allgemeine Gesch\u00e4ftsbedingungen (AGB)\u00a0 G\u00fcltig ab 01.01.2022 &nbsp; 1 Geltung der Bedingung Die Lieferungen, Leistungen und Angebote des Verk\u00e4ufers erfolgen ausschlie\u00dflich aufgrund dieser Gesch\u00e4ftsbedingungen. Sie werden mit Vertragsabschluss, sp\u00e4testens jedoch mit der Entgegennahme der Ware oder Leistung, als verbindlich anerkannt. Etwaige widersprechende Gesch\u00e4ftsbedingungen des K\u00e4ufers gelten als ausdr\u00fccklich ausgeschlossen. Nebenabreden, \u00c4nderungen oder Erg\u00e4nzungen des Vertrages sind [&hellip;]<\/p>\n","protected":false},"author":2,"featured_media":0,"parent":0,"menu_order":0,"comment_status":"closed","ping_status":"open","template":"","meta":{"footnotes":""},"class_list":["post-1079","page","type-page","status-publish","hentry"],"yoast_head":"<!-- This site is optimized with the Yoast SEO plugin v20.0 - https:\/\/yoast.com\/wordpress\/plugins\/seo\/ -->\n<title>AGB - Homann Solarbau - PV Anlagen &amp; Montage<\/title>\n<meta name=\"robots\" content=\"index, follow, max-snippet:-1, max-image-preview:large, max-video-preview:-1\" \/>\n<link rel=\"canonical\" href=\"https:\/\/homann-solarbau.de\/?page_id=1079\" \/>\n<meta property=\"og:locale\" content=\"de_DE\" \/>\n<meta property=\"og:type\" content=\"article\" \/>\n<meta property=\"og:title\" content=\"AGB - Homann Solarbau - PV Anlagen &amp; Montage\" \/>\n<meta property=\"og:description\" content=\"Allgemeine Gesch\u00e4ftsbedingungen (AGB)\u00a0 G\u00fcltig ab 01.01.2022 &nbsp; 1 Geltung der Bedingung Die Lieferungen, Leistungen und Angebote des Verk\u00e4ufers erfolgen ausschlie\u00dflich aufgrund dieser Gesch\u00e4ftsbedingungen. Sie werden mit Vertragsabschluss, sp\u00e4testens jedoch mit der Entgegennahme der Ware oder Leistung, als verbindlich anerkannt. Etwaige widersprechende Gesch\u00e4ftsbedingungen des K\u00e4ufers gelten als ausdr\u00fccklich ausgeschlossen. Nebenabreden, \u00c4nderungen oder Erg\u00e4nzungen des Vertrages sind [&hellip;]\" \/>\n<meta property=\"og:url\" content=\"https:\/\/homann-solarbau.de\/?page_id=1079\" \/>\n<meta property=\"og:site_name\" content=\"Homann Solarbau - PV Anlagen &amp; Montage\" \/>\n<meta property=\"article:modified_time\" content=\"2023-01-31T20:22:28+00:00\" \/>\n<meta name=\"twitter:card\" content=\"summary_large_image\" \/>\n<meta name=\"twitter:label1\" content=\"Gesch\u00e4tzte Lesezeit\" \/>\n\t<meta name=\"twitter:data1\" content=\"4\u00a0Minuten\" \/>\n<script type=\"application\/ld+json\" class=\"yoast-schema-graph\">{\"@context\":\"https:\/\/schema.org\",\"@graph\":[{\"@type\":\"WebPage\",\"@id\":\"https:\/\/homann-solarbau.de\/?page_id=1079\",\"url\":\"https:\/\/homann-solarbau.de\/?page_id=1079\",\"name\":\"AGB - Homann Solarbau - PV Anlagen &amp; Montage\",\"isPartOf\":{\"@id\":\"https:\/\/homann-solarbau.de\/#website\"},\"datePublished\":\"2023-01-31T20:20:03+00:00\",\"dateModified\":\"2023-01-31T20:22:28+00:00\",\"breadcrumb\":{\"@id\":\"https:\/\/homann-solarbau.de\/?page_id=1079#breadcrumb\"},\"inLanguage\":\"de\",\"potentialAction\":[{\"@type\":\"ReadAction\",\"target\":[\"https:\/\/homann-solarbau.de\/?page_id=1079\"]}]},{\"@type\":\"BreadcrumbList\",\"@id\":\"https:\/\/homann-solarbau.de\/?page_id=1079#breadcrumb\",\"itemListElement\":[{\"@type\":\"ListItem\",\"position\":1,\"name\":\"Startseite\",\"item\":\"https:\/\/homann-solarbau.de\/\"},{\"@type\":\"ListItem\",\"position\":2,\"name\":\"AGB\"}]},{\"@type\":\"WebSite\",\"@id\":\"https:\/\/homann-solarbau.de\/#website\",\"url\":\"https:\/\/homann-solarbau.de\/\",\"name\":\"Homann Solarbau - PV Anlagen &amp; Montage\",\"description\":\"Meisterbetrieb f\u00fcr Photovoltaik Solaranlagen\",\"potentialAction\":[{\"@type\":\"SearchAction\",\"target\":{\"@type\":\"EntryPoint\",\"urlTemplate\":\"https:\/\/homann-solarbau.de\/?s={search_term_string}\"},\"query-input\":\"required name=search_term_string\"}],\"inLanguage\":\"de\"}]}<\/script>\n<!-- \/ Yoast SEO plugin. -->","yoast_head_json":{"title":"AGB - Homann Solarbau - PV Anlagen &amp; Montage","robots":{"index":"index","follow":"follow","max-snippet":"max-snippet:-1","max-image-preview":"max-image-preview:large","max-video-preview":"max-video-preview:-1"},"canonical":"https:\/\/homann-solarbau.de\/?page_id=1079","og_locale":"de_DE","og_type":"article","og_title":"AGB - Homann Solarbau - PV Anlagen &amp; Montage","og_description":"Allgemeine Gesch\u00e4ftsbedingungen (AGB)\u00a0 G\u00fcltig ab 01.01.2022 &nbsp; 1 Geltung der Bedingung Die Lieferungen, Leistungen und Angebote des Verk\u00e4ufers erfolgen ausschlie\u00dflich aufgrund dieser Gesch\u00e4ftsbedingungen. Sie werden mit Vertragsabschluss, sp\u00e4testens jedoch mit der Entgegennahme der Ware oder Leistung, als verbindlich anerkannt. Etwaige widersprechende Gesch\u00e4ftsbedingungen des K\u00e4ufers gelten als ausdr\u00fccklich ausgeschlossen. Nebenabreden, \u00c4nderungen oder Erg\u00e4nzungen des Vertrages sind [&hellip;]","og_url":"https:\/\/homann-solarbau.de\/?page_id=1079","og_site_name":"Homann Solarbau - PV Anlagen &amp; Montage","article_modified_time":"2023-01-31T20:22:28+00:00","twitter_card":"summary_large_image","twitter_misc":{"Gesch\u00e4tzte Lesezeit":"4\u00a0Minuten"},"schema":{"@context":"https:\/\/schema.org","@graph":[{"@type":"WebPage","@id":"https:\/\/homann-solarbau.de\/?page_id=1079","url":"https:\/\/homann-solarbau.de\/?page_id=1079","name":"AGB - Homann Solarbau - PV Anlagen &amp; Montage","isPartOf":{"@id":"https:\/\/homann-solarbau.de\/#website"},"datePublished":"2023-01-31T20:20:03+00:00","dateModified":"2023-01-31T20:22:28+00:00","breadcrumb":{"@id":"https:\/\/homann-solarbau.de\/?page_id=1079#breadcrumb"},"inLanguage":"de","potentialAction":[{"@type":"ReadAction","target":["https:\/\/homann-solarbau.de\/?page_id=1079"]}]},{"@type":"BreadcrumbList","@id":"https:\/\/homann-solarbau.de\/?page_id=1079#breadcrumb","itemListElement":[{"@type":"ListItem","position":1,"name":"Startseite","item":"https:\/\/homann-solarbau.de\/"},{"@type":"ListItem","position":2,"name":"AGB"}]},{"@type":"WebSite","@id":"https:\/\/homann-solarbau.de\/#website","url":"https:\/\/homann-solarbau.de\/","name":"Homann Solarbau - PV Anlagen &amp; Montage","description":"Meisterbetrieb f\u00fcr Photovoltaik Solaranlagen","potentialAction":[{"@type":"SearchAction","target":{"@type":"EntryPoint","urlTemplate":"https:\/\/homann-solarbau.de\/?s={search_term_string}"},"query-input":"required name=search_term_string"}],"inLanguage":"de"}]}},"_links":{"self":[{"href":"https:\/\/homann-solarbau.de\/index.php?rest_route=\/wp\/v2\/pages\/1079","targetHints":{"allow":["GET"]}}],"collection":[{"href":"https:\/\/homann-solarbau.de\/index.php?rest_route=\/wp\/v2\/pages"}],"about":[{"href":"https:\/\/homann-solarbau.de\/index.php?rest_route=\/wp\/v2\/types\/page"}],"author":[{"embeddable":true,"href":"https:\/\/homann-solarbau.de\/index.php?rest_route=\/wp\/v2\/users\/2"}],"replies":[{"embeddable":true,"href":"https:\/\/homann-solarbau.de\/index.php?rest_route=%2Fwp%2Fv2%2Fcomments&post=1079"}],"version-history":[{"count":2,"href":"https:\/\/homann-solarbau.de\/index.php?rest_route=\/wp\/v2\/pages\/1079\/revisions"}],"predecessor-version":[{"id":1084,"href":"https:\/\/homann-solarbau.de\/index.php?rest_route=\/wp\/v2\/pages\/1079\/revisions\/1084"}],"wp:attachment":[{"href":"https:\/\/homann-solarbau.de\/index.php?rest_route=%2Fwp%2Fv2%2Fmedia&parent=1079"}],"curies":[{"name":"wp","href":"https:\/\/api.w.org\/{rel}","templated":true}]}}